{"id":23,"date":"2022-08-10T18:10:21","date_gmt":"2022-08-10T21:10:21","guid":{"rendered":"http:\/\/nobratta.com.br\/?page_id=23"},"modified":"2026-04-17T10:44:29","modified_gmt":"2026-04-17T13:44:29","slug":"steakhouse","status":"publish","type":"page","link":"https:\/\/nobratta.com.br\/?page_id=23","title":{"rendered":"Steakhouse Nobratta"},"content":{"rendered":"<section class=\"wpb-content-wrapper\"><p>[vc_row content_placement=&#8221;top&#8221; css=&#8221;.vc_custom_1690806338352{padding-top: 5px !important;padding-right: 5px !important;padding-bottom: 5px !important;padding-left: 5px !important;}&#8221;][vc_column width=&#8221;1\/4&#8243;][vc_column_text]<\/p>\n<h2><strong><a style=\"color: #ffffff;\" href=\"https:\/\/nobratta.com.br\/wp-content\/uploads\/2025\/07\/CARDAPIO___STEAKHOUSE___NOBRATTA___2025.pdf\" target=\"_blank\" rel=\"noopener\">CARD\u00c1PIO DIGITAL<\/a><\/strong><\/h2>\n<p>[\/vc_column_text][\/vc_column][vc_column width=&#8221;1\/4&#8243;][vc_column_text]<\/p>\n<h2><strong><a style=\"color: #ffffff;\" href=\"\/\/goo.gl\/maps\/tWtwxGF5isx3kjY37\" target=\"_blank\" rel=\"noopener\">ENDERE\u00c7O<\/a><\/strong><\/h2>\n<p>[\/vc_column_text][\/vc_column][vc_column width=&#8221;1\/4&#8243;][vc_column_text]<\/p>\n<h2><strong><a style=\"color: #ffffff;\" href=\"https:\/\/reservation-widget.tagme.com.br\/reservation\/schedule\/63a05a52453c3c0052775476\/reservationWidget\" target=\"_blank\" rel=\"noopener\">FA\u00c7A SUA RESERVA<\/a><\/strong><\/h2>\n<p>[\/vc_column_text][\/vc_column][vc_column width=&#8221;1\/4&#8243;][vc_column_text]<\/p>\n<h2><strong><a style=\"color: #ffffff;\" href=\"https:\/\/www.trudysrestaurante.com.br\/wine-dinner\/\" target=\"_blank\" rel=\"noopener\">WINE DINNER<\/a><\/strong><\/h2>\n<p>[\/vc_column_text][\/vc_column][\/vc_row][vc_row][vc_column][vc_column_text]<\/p>\n<p style=\"text-align: left;\">Saboreie carnes nobres em um ambiente aconchegante. Os pratos da Steakhouse Nobratta s\u00e3o preparados com produtos de alta qualidade. Todas os cortes bovinos s\u00e3o da marca Nobratta, certificados pela Associa\u00e7\u00e3o Brasileira de Angus. Frango, peixes, cortes su\u00ednos e acompanhamentos, com op\u00e7\u00f5es vegetarianas, complementam o menu.<\/p>\n<p>[\/vc_column_text][\/vc_column][\/vc_row][vc_row][vc_column width=&#8221;2\/3&#8243;][vc_column_text]<\/p>\n<p style=\"text-align: left;\">O restaurante fica localizado no Comper Itanhang\u00e1, na R. Joaquim Murtinho, 1679 &#8211; Campo Grande, Mato Grosso do Sul.<\/p>\n<p>[\/vc_column_text][\/vc_column][vc_column width=&#8221;1\/3&#8243;][\/vc_column][\/vc_row]<\/p>\n<\/section>","protected":false},"excerpt":{"rendered":"<p>[vc_row content_placement=&#8221;top&#8221; css=&#8221;.vc_custom_1690806338352{padding-top: 5px !important;padding-right: 5px !important;padding-bottom: 5px !important;padding-left: 5px !important;}&#8221;][vc_column width=&#8221;1\/4&#8243;][vc_column_text] CARD\u00c1PIO DIGITAL [\/vc_column_text][\/vc_column][vc_column width=&#8221;1\/4&#8243;][vc_column_text] ENDERE\u00c7O [\/vc_column_text][\/vc_column][vc_column width=&#8221;1\/4&#8243;][vc_column_text] FA\u00c7A SUA RESERVA [\/vc_column_text][\/vc_column][vc_column width=&#8221;1\/4&#8243;][vc_column_text] WINE DINNER [\/vc_column_text][\/vc_column][\/vc_row][vc_row][vc_column][vc_column_text] Saboreie carnes nobres em um ambiente aconchegante. Os pratos da Steakhouse Nobratta s\u00e3o preparados com produtos de alta qualidade. Todas os cortes bovinos s\u00e3o da marca Nobratta, certificados [&hellip;]<\/p>\n","protected":false},"author":1,"featured_media":0,"parent":0,"menu_order":8,"comment_status":"closed","ping_status":"closed","template":"","meta":{"_acf_changed":false,"_eb_attr":"","footnotes":""},"class_list":["post-23","page","type-page","status-publish","hentry"],"acf":[],"yoast_head":"<!-- This site is optimized with the Yoast SEO plugin v27.4 - https:\/\/yoast.com\/product\/yoast-seo-wordpress\/ -->\n<title>Steakhouse Nobratta - Nobratta<\/title>\n<meta name=\"robots\" content=\"index, follow, max-snippet:-1, max-image-preview:large, max-video-preview:-1\" \/>\n<link rel=\"canonical\" href=\"https:\/\/nobratta.com.br\/?page_id=23\" \/>\n<meta property=\"og:locale\" content=\"pt_BR\" \/>\n<meta property=\"og:type\" content=\"article\" \/>\n<meta property=\"og:title\" content=\"Steakhouse Nobratta - Nobratta\" \/>\n<meta property=\"og:description\" content=\"[vc_row content_placement=&#8221;top&#8221; css=&#8221;.vc_custom_1690806338352{padding-top: 5px !important;padding-right: 5px !important;padding-bottom: 5px !important;padding-left: 5px !important;}&#8221;][vc_column width=&#8221;1\/4&#8243;][vc_column_text] CARD\u00c1PIO DIGITAL [\/vc_column_text][\/vc_column][vc_column width=&#8221;1\/4&#8243;][vc_column_text] ENDERE\u00c7O [\/vc_column_text][\/vc_column][vc_column width=&#8221;1\/4&#8243;][vc_column_text] FA\u00c7A SUA RESERVA [\/vc_column_text][\/vc_column][vc_column width=&#8221;1\/4&#8243;][vc_column_text] WINE DINNER [\/vc_column_text][\/vc_column][\/vc_row][vc_row][vc_column][vc_column_text] Saboreie carnes nobres em um ambiente aconchegante. Os pratos da Steakhouse Nobratta s\u00e3o preparados com produtos de alta qualidade. Todas os cortes bovinos s\u00e3o da marca Nobratta, certificados [&hellip;]\" \/>\n<meta property=\"og:url\" content=\"https:\/\/nobratta.com.br\/?page_id=23\" \/>\n<meta property=\"og:site_name\" content=\"Nobratta\" \/>\n<meta property=\"article:modified_time\" content=\"2026-04-17T13:44:29+00:00\" \/>\n<meta name=\"twitter:card\" content=\"summary_large_image\" \/>\n<meta name=\"twitter:label1\" content=\"Est. tempo de leitura\" \/>\n\t<meta name=\"twitter:data1\" content=\"1 minuto\" \/>\n<script type=\"application\/ld+json\" class=\"yoast-schema-graph\">{\"@context\":\"https:\\\/\\\/schema.org\",\"@graph\":[{\"@type\":\"WebPage\",\"@id\":\"https:\\\/\\\/nobratta.com.br\\\/?page_id=23\",\"url\":\"https:\\\/\\\/nobratta.com.br\\\/?page_id=23\",\"name\":\"Steakhouse Nobratta - Nobratta\",\"isPartOf\":{\"@id\":\"https:\\\/\\\/nobratta.com.br\\\/#website\"},\"datePublished\":\"2022-08-10T21:10:21+00:00\",\"dateModified\":\"2026-04-17T13:44:29+00:00\",\"breadcrumb\":{\"@id\":\"https:\\\/\\\/nobratta.com.br\\\/?page_id=23#breadcrumb\"},\"inLanguage\":\"pt-BR\",\"potentialAction\":[{\"@type\":\"ReadAction\",\"target\":[\"https:\\\/\\\/nobratta.com.br\\\/?page_id=23\"]}]},{\"@type\":\"BreadcrumbList\",\"@id\":\"https:\\\/\\\/nobratta.com.br\\\/?page_id=23#breadcrumb\",\"itemListElement\":[{\"@type\":\"ListItem\",\"position\":1,\"name\":\"In\u00edcio\",\"item\":\"https:\\\/\\\/nobratta.com.br\\\/\"},{\"@type\":\"ListItem\",\"position\":2,\"name\":\"Steakhouse Nobratta\"}]},{\"@type\":\"WebSite\",\"@id\":\"https:\\\/\\\/nobratta.com.br\\\/#website\",\"url\":\"https:\\\/\\\/nobratta.com.br\\\/\",\"name\":\"Nobratta\",\"description\":\"A nobreza da carne Angus\",\"publisher\":{\"@id\":\"https:\\\/\\\/nobratta.com.br\\\/#organization\"},\"potentialAction\":[{\"@type\":\"SearchAction\",\"target\":{\"@type\":\"EntryPoint\",\"urlTemplate\":\"https:\\\/\\\/nobratta.com.br\\\/?s={search_term_string}\"},\"query-input\":{\"@type\":\"PropertyValueSpecification\",\"valueRequired\":true,\"valueName\":\"search_term_string\"}}],\"inLanguage\":\"pt-BR\"},{\"@type\":\"Organization\",\"@id\":\"https:\\\/\\\/nobratta.com.br\\\/#organization\",\"name\":\"Nobratta\",\"url\":\"https:\\\/\\\/nobratta.com.br\\\/\",\"logo\":{\"@type\":\"ImageObject\",\"inLanguage\":\"pt-BR\",\"@id\":\"https:\\\/\\\/nobratta.com.br\\\/#\\\/schema\\\/logo\\\/image\\\/\",\"url\":\"https:\\\/\\\/nobratta.com.br\\\/wp-content\\\/uploads\\\/2023\\\/03\\\/Copia-de-SELO_NOBRATTA.png\",\"contentUrl\":\"https:\\\/\\\/nobratta.com.br\\\/wp-content\\\/uploads\\\/2023\\\/03\\\/Copia-de-SELO_NOBRATTA.png\",\"width\":1920,\"height\":1080,\"caption\":\"Nobratta\"},\"image\":{\"@id\":\"https:\\\/\\\/nobratta.com.br\\\/#\\\/schema\\\/logo\\\/image\\\/\"}}]}<\/script>\n<!-- \/ Yoast SEO plugin. -->","yoast_head_json":{"title":"Steakhouse Nobratta - Nobratta","robots":{"index":"index","follow":"follow","max-snippet":"max-snippet:-1","max-image-preview":"max-image-preview:large","max-video-preview":"max-video-preview:-1"},"canonical":"https:\/\/nobratta.com.br\/?page_id=23","og_locale":"pt_BR","og_type":"article","og_title":"Steakhouse Nobratta - Nobratta","og_description":"[vc_row content_placement=&#8221;top&#8221; css=&#8221;.vc_custom_1690806338352{padding-top: 5px !important;padding-right: 5px !important;padding-bottom: 5px !important;padding-left: 5px !important;}&#8221;][vc_column width=&#8221;1\/4&#8243;][vc_column_text] CARD\u00c1PIO DIGITAL [\/vc_column_text][\/vc_column][vc_column width=&#8221;1\/4&#8243;][vc_column_text] ENDERE\u00c7O [\/vc_column_text][\/vc_column][vc_column width=&#8221;1\/4&#8243;][vc_column_text] FA\u00c7A SUA RESERVA [\/vc_column_text][\/vc_column][vc_column width=&#8221;1\/4&#8243;][vc_column_text] WINE DINNER [\/vc_column_text][\/vc_column][\/vc_row][vc_row][vc_column][vc_column_text] Saboreie carnes nobres em um ambiente aconchegante. Os pratos da Steakhouse Nobratta s\u00e3o preparados com produtos de alta qualidade. Todas os cortes bovinos s\u00e3o da marca Nobratta, certificados [&hellip;]","og_url":"https:\/\/nobratta.com.br\/?page_id=23","og_site_name":"Nobratta","article_modified_time":"2026-04-17T13:44:29+00:00","twitter_card":"summary_large_image","twitter_misc":{"Est. tempo de leitura":"1 minuto"},"schema":{"@context":"https:\/\/schema.org","@graph":[{"@type":"WebPage","@id":"https:\/\/nobratta.com.br\/?page_id=23","url":"https:\/\/nobratta.com.br\/?page_id=23","name":"Steakhouse Nobratta - Nobratta","isPartOf":{"@id":"https:\/\/nobratta.com.br\/#website"},"datePublished":"2022-08-10T21:10:21+00:00","dateModified":"2026-04-17T13:44:29+00:00","breadcrumb":{"@id":"https:\/\/nobratta.com.br\/?page_id=23#breadcrumb"},"inLanguage":"pt-BR","potentialAction":[{"@type":"ReadAction","target":["https:\/\/nobratta.com.br\/?page_id=23"]}]},{"@type":"BreadcrumbList","@id":"https:\/\/nobratta.com.br\/?page_id=23#breadcrumb","itemListElement":[{"@type":"ListItem","position":1,"name":"In\u00edcio","item":"https:\/\/nobratta.com.br\/"},{"@type":"ListItem","position":2,"name":"Steakhouse Nobratta"}]},{"@type":"WebSite","@id":"https:\/\/nobratta.com.br\/#website","url":"https:\/\/nobratta.com.br\/","name":"Nobratta","description":"A nobreza da carne Angus","publisher":{"@id":"https:\/\/nobratta.com.br\/#organization"},"potentialAction":[{"@type":"SearchAction","target":{"@type":"EntryPoint","urlTemplate":"https:\/\/nobratta.com.br\/?s={search_term_string}"},"query-input":{"@type":"PropertyValueSpecification","valueRequired":true,"valueName":"search_term_string"}}],"inLanguage":"pt-BR"},{"@type":"Organization","@id":"https:\/\/nobratta.com.br\/#organization","name":"Nobratta","url":"https:\/\/nobratta.com.br\/","logo":{"@type":"ImageObject","inLanguage":"pt-BR","@id":"https:\/\/nobratta.com.br\/#\/schema\/logo\/image\/","url":"https:\/\/nobratta.com.br\/wp-content\/uploads\/2023\/03\/Copia-de-SELO_NOBRATTA.png","contentUrl":"https:\/\/nobratta.com.br\/wp-content\/uploads\/2023\/03\/Copia-de-SELO_NOBRATTA.png","width":1920,"height":1080,"caption":"Nobratta"},"image":{"@id":"https:\/\/nobratta.com.br\/#\/schema\/logo\/image\/"}}]}},"_links":{"self":[{"href":"https:\/\/nobratta.com.br\/index.php?rest_route=\/wp\/v2\/pages\/23","targetHints":{"allow":["GET"]}}],"collection":[{"href":"https:\/\/nobratta.com.br\/index.php?rest_route=\/wp\/v2\/pages"}],"about":[{"href":"https:\/\/nobratta.com.br\/index.php?rest_route=\/wp\/v2\/types\/page"}],"author":[{"embeddable":true,"href":"https:\/\/nobratta.com.br\/index.php?rest_route=\/wp\/v2\/users\/1"}],"replies":[{"embeddable":true,"href":"https:\/\/nobratta.com.br\/index.php?rest_route=%2Fwp%2Fv2%2Fcomments&post=23"}],"version-history":[{"count":59,"href":"https:\/\/nobratta.com.br\/index.php?rest_route=\/wp\/v2\/pages\/23\/revisions"}],"predecessor-version":[{"id":1019,"href":"https:\/\/nobratta.com.br\/index.php?rest_route=\/wp\/v2\/pages\/23\/revisions\/1019"}],"wp:attachment":[{"href":"https:\/\/nobratta.com.br\/index.php?rest_route=%2Fwp%2Fv2%2Fmedia&parent=23"}],"curies":[{"name":"wp","href":"https:\/\/api.w.org\/{rel}","templated":true}]}}